{"id":61,"date":"2019-04-10T09:28:27","date_gmt":"2019-04-10T07:28:27","guid":{"rendered":"http:\/\/kocen-agro.hr\/cms\/?post_type=product&#038;p=61"},"modified":"2024-08-18T21:59:30","modified_gmt":"2024-08-18T19:59:30","slug":"refraktometar-za-vino-sa-tri-skale","status":"publish","type":"product","link":"https:\/\/kocen-agro.hr\/cms\/trgovina\/refraktometar-za-vino-sa-tri-skale\/","title":{"rendered":"Refraktometar za vino sa tri skale"},"content":{"rendered":"","protected":false},"excerpt":{"rendered":"<p><strong>Refraktometar za vino sa tri skale<\/strong><\/p>\n<p>Refraktometar opti\u010dki STANDARD\u00a0ima\u00a03\u00a0skale <strong>(Brix,\u00a0Oechsle,\u00a0KMW\/Babo)<\/strong>\u00a0te automatsku temperaturnu kompenzaciju (ATC). Koristi se\u00a0za mjerenje koli\u010dine \u0161e\u0107era u vo\u0107u, bobi\u010dastom vo\u0107u i\u00a0sokovima (mo\u0161tu).<\/p>\n<p>Automatska temperaturna kompenzacija (ATC) omogu\u0107ava automatsko pode\u0161avanje ure\u0111aja kada se mijenja radna temperatura. Kod uzoraka koji su prethodno rashla\u0111eni ili zagrijani, dovoljno je ostaviti ih na prizmi refraktometra 1 do 2 minute kako bi se osiguralo precizno mjerenje.<\/p>\n<table width=\"0\">\n<tbody>\n<tr>\n<td><strong>Skala (Brix)<\/strong><\/td>\n<td>0-32%<\/td>\n<\/tr>\n<tr>\n<td><strong>Skala (Oechsle)<\/strong><\/td>\n<td>0-140\u00b0Oe<\/td>\n<\/tr>\n<tr>\n<td><strong>Skala KMW (Babo)<\/strong><\/td>\n<td>0-25\u00b0<\/td>\n<\/tr>\n<\/tbody>\n<\/table>\n<p><strong>Paket sadr\u017ei :<\/strong> <strong>1 x<\/strong> Refraktometer za vinare, <strong>1 x<\/strong> Pipeta, <strong>1 x<\/strong> odvija\u010d, <strong>1 x<\/strong> kutija za pospremanje i uputstvo za uporabu.<\/p>\n","protected":false},"featured_media":62,"template":"","meta":[],"yoast_head":"<!-- This site is optimized with the Yoast SEO plugin v19.4 - https:\/\/yoast.com\/wordpress\/plugins\/seo\/ -->\n<title>Refraktometar za vino sa tri skale - Kocen Agro d.o.o.<\/title>\n<meta name=\"robots\" content=\"index, follow, max-snippet:-1, max-image-preview:large, max-video-preview:-1\" \/>\n<link rel=\"canonical\" href=\"https:\/\/kocen-agro.hr\/cms\/trgovina\/refraktometar-za-vino-sa-tri-skale\/\" \/>\n<meta property=\"og:locale\" content=\"hr_HR\" \/>\n<meta property=\"og:type\" content=\"article\" \/>\n<meta property=\"og:title\" content=\"Refraktometar za vino sa tri skale - Kocen Agro d.o.o.\" \/>\n<meta property=\"og:description\" content=\"Refraktometar za vino sa tri skale  Refraktometar opti\u010dki STANDARD\u00a0ima\u00a03\u00a0skale (Brix,\u00a0Oechsle,\u00a0KMW\/Babo)\u00a0te automatsku temperaturnu kompenzaciju (ATC). Koristi se\u00a0za mjerenje koli\u010dine \u0161e\u0107era u vo\u0107u, bobi\u010dastom vo\u0107u i\u00a0sokovima (mo\u0161tu).  Automatska temperaturna kompenzacija (ATC) omogu\u0107ava automatsko pode\u0161avanje ure\u0111aja kada se mijenja radna temperatura. Kod uzoraka koji su prethodno rashla\u0111eni ili zagrijani, dovoljno je ostaviti ih na prizmi refraktometra 1 do 2 minute kako bi se osiguralo precizno mjerenje.    Skala (Brix) 0-32%   Skala (Oechsle) 0-140\u00b0Oe   Skala KMW (Babo) 0-25\u00b0    Paket sadr\u017ei : 1 x Refraktometer za vinare, 1 x Pipeta, 1 x odvija\u010d, 1 x kutija za pospremanje i uputstvo za uporabu.\" \/>\n<meta property=\"og:url\" content=\"https:\/\/kocen-agro.hr\/cms\/trgovina\/refraktometar-za-vino-sa-tri-skale\/\" \/>\n<meta property=\"og:site_name\" content=\"Kocen Agro d.o.o.\" \/>\n<meta property=\"article:modified_time\" content=\"2024-08-18T19:59:30+00:00\" \/>\n<meta property=\"og:image\" content=\"https:\/\/kocen-agro.hr\/cms\/wp-content\/uploads\/2019\/04\/Refraktometar-za-vino-mo\u0161t-14.jpg\" \/>\n\t<meta property=\"og:image:width\" content=\"640\" \/>\n\t<meta property=\"og:image:height\" content=\"427\" \/>\n\t<meta property=\"og:image:type\" content=\"image\/jpeg\" \/>\n<meta name=\"twitter:card\" content=\"summary_large_image\" \/>\n<script type=\"application\/ld+json\" class=\"yoast-schema-graph\">{\"@context\":\"https:\/\/schema.org\",\"@graph\":[{\"@type\":\"Organization\",\"@id\":\"https:\/\/kocen-agro.hr\/cms\/#organization\",\"name\":\"Kocen Agro d.o.o.\",\"url\":\"https:\/\/kocen-agro.hr\/cms\/\",\"sameAs\":[],\"logo\":{\"@type\":\"ImageObject\",\"inLanguage\":\"hr\",\"@id\":\"https:\/\/kocen-agro.hr\/cms\/#\/schema\/logo\/image\/\",\"url\":\"https:\/\/kocen-agro.hr\/cms\/wp-content\/uploads\/2019\/04\/logo_kocen_agro.png\",\"contentUrl\":\"https:\/\/kocen-agro.hr\/cms\/wp-content\/uploads\/2019\/04\/logo_kocen_agro.png\",\"width\":242,\"height\":79,\"caption\":\"Kocen Agro d.o.o.\"},\"image\":{\"@id\":\"https:\/\/kocen-agro.hr\/cms\/#\/schema\/logo\/image\/\"}},{\"@type\":\"WebSite\",\"@id\":\"https:\/\/kocen-agro.hr\/cms\/#website\",\"url\":\"https:\/\/kocen-agro.hr\/cms\/\",\"name\":\"Kocen Agro d.o.o.\",\"description\":\"\",\"publisher\":{\"@id\":\"https:\/\/kocen-agro.hr\/cms\/#organization\"},\"potentialAction\":[{\"@type\":\"SearchAction\",\"target\":{\"@type\":\"EntryPoint\",\"urlTemplate\":\"https:\/\/kocen-agro.hr\/cms\/?s={search_term_string}\"},\"query-input\":\"required name=search_term_string\"}],\"inLanguage\":\"hr\"},{\"@type\":\"WebPage\",\"@id\":\"https:\/\/kocen-agro.hr\/cms\/trgovina\/refraktometar-za-vino-sa-tri-skale\/\",\"url\":\"https:\/\/kocen-agro.hr\/cms\/trgovina\/refraktometar-za-vino-sa-tri-skale\/\",\"name\":\"Refraktometar za vino sa tri skale - Kocen Agro d.o.o.\",\"isPartOf\":{\"@id\":\"https:\/\/kocen-agro.hr\/cms\/#website\"},\"datePublished\":\"2019-04-10T07:28:27+00:00\",\"dateModified\":\"2024-08-18T19:59:30+00:00\",\"breadcrumb\":{\"@id\":\"https:\/\/kocen-agro.hr\/cms\/trgovina\/refraktometar-za-vino-sa-tri-skale\/#breadcrumb\"},\"inLanguage\":\"hr\",\"potentialAction\":[{\"@type\":\"ReadAction\",\"target\":[\"https:\/\/kocen-agro.hr\/cms\/trgovina\/refraktometar-za-vino-sa-tri-skale\/\"]}]},{\"@type\":\"BreadcrumbList\",\"@id\":\"https:\/\/kocen-agro.hr\/cms\/trgovina\/refraktometar-za-vino-sa-tri-skale\/#breadcrumb\",\"itemListElement\":[{\"@type\":\"ListItem\",\"position\":1,\"name\":\"Po\u010detna stranica\",\"item\":\"https:\/\/kocen-agro.hr\/cms\/\"},{\"@type\":\"ListItem\",\"position\":2,\"name\":\"Trgovina\",\"item\":\"https:\/\/kocen-agro.hr\/cms\/\"},{\"@type\":\"ListItem\",\"position\":3,\"name\":\"Refraktometar za vino sa tri skale\"}]}]}<\/script>\n<!-- \/ Yoast SEO plugin. -->","yoast_head_json":{"title":"Refraktometar za vino sa tri skale - Kocen Agro d.o.o.","robots":{"index":"index","follow":"follow","max-snippet":"max-snippet:-1","max-image-preview":"max-image-preview:large","max-video-preview":"max-video-preview:-1"},"canonical":"https:\/\/kocen-agro.hr\/cms\/trgovina\/refraktometar-za-vino-sa-tri-skale\/","og_locale":"hr_HR","og_type":"article","og_title":"Refraktometar za vino sa tri skale - Kocen Agro d.o.o.","og_description":"Refraktometar za vino sa tri skale  Refraktometar opti\u010dki STANDARD\u00a0ima\u00a03\u00a0skale (Brix,\u00a0Oechsle,\u00a0KMW\/Babo)\u00a0te automatsku temperaturnu kompenzaciju (ATC). Koristi se\u00a0za mjerenje koli\u010dine \u0161e\u0107era u vo\u0107u, bobi\u010dastom vo\u0107u i\u00a0sokovima (mo\u0161tu).  Automatska temperaturna kompenzacija (ATC) omogu\u0107ava automatsko pode\u0161avanje ure\u0111aja kada se mijenja radna temperatura. Kod uzoraka koji su prethodno rashla\u0111eni ili zagrijani, dovoljno je ostaviti ih na prizmi refraktometra 1 do 2 minute kako bi se osiguralo precizno mjerenje.    Skala (Brix) 0-32%   Skala (Oechsle) 0-140\u00b0Oe   Skala KMW (Babo) 0-25\u00b0    Paket sadr\u017ei : 1 x Refraktometer za vinare, 1 x Pipeta, 1 x odvija\u010d, 1 x kutija za pospremanje i uputstvo za uporabu.","og_url":"https:\/\/kocen-agro.hr\/cms\/trgovina\/refraktometar-za-vino-sa-tri-skale\/","og_site_name":"Kocen Agro d.o.o.","article_modified_time":"2024-08-18T19:59:30+00:00","og_image":[{"width":640,"height":427,"url":"https:\/\/kocen-agro.hr\/cms\/wp-content\/uploads\/2019\/04\/Refraktometar-za-vino-mo\u0161t-14.jpg","type":"image\/jpeg"}],"twitter_card":"summary_large_image","schema":{"@context":"https:\/\/schema.org","@graph":[{"@type":"Organization","@id":"https:\/\/kocen-agro.hr\/cms\/#organization","name":"Kocen Agro d.o.o.","url":"https:\/\/kocen-agro.hr\/cms\/","sameAs":[],"logo":{"@type":"ImageObject","inLanguage":"hr","@id":"https:\/\/kocen-agro.hr\/cms\/#\/schema\/logo\/image\/","url":"https:\/\/kocen-agro.hr\/cms\/wp-content\/uploads\/2019\/04\/logo_kocen_agro.png","contentUrl":"https:\/\/kocen-agro.hr\/cms\/wp-content\/uploads\/2019\/04\/logo_kocen_agro.png","width":242,"height":79,"caption":"Kocen Agro d.o.o."},"image":{"@id":"https:\/\/kocen-agro.hr\/cms\/#\/schema\/logo\/image\/"}},{"@type":"WebSite","@id":"https:\/\/kocen-agro.hr\/cms\/#website","url":"https:\/\/kocen-agro.hr\/cms\/","name":"Kocen Agro d.o.o.","description":"","publisher":{"@id":"https:\/\/kocen-agro.hr\/cms\/#organization"},"potentialAction":[{"@type":"SearchAction","target":{"@type":"EntryPoint","urlTemplate":"https:\/\/kocen-agro.hr\/cms\/?s={search_term_string}"},"query-input":"required name=search_term_string"}],"inLanguage":"hr"},{"@type":"WebPage","@id":"https:\/\/kocen-agro.hr\/cms\/trgovina\/refraktometar-za-vino-sa-tri-skale\/","url":"https:\/\/kocen-agro.hr\/cms\/trgovina\/refraktometar-za-vino-sa-tri-skale\/","name":"Refraktometar za vino sa tri skale - Kocen Agro d.o.o.","isPartOf":{"@id":"https:\/\/kocen-agro.hr\/cms\/#website"},"datePublished":"2019-04-10T07:28:27+00:00","dateModified":"2024-08-18T19:59:30+00:00","breadcrumb":{"@id":"https:\/\/kocen-agro.hr\/cms\/trgovina\/refraktometar-za-vino-sa-tri-skale\/#breadcrumb"},"inLanguage":"hr","potentialAction":[{"@type":"ReadAction","target":["https:\/\/kocen-agro.hr\/cms\/trgovina\/refraktometar-za-vino-sa-tri-skale\/"]}]},{"@type":"BreadcrumbList","@id":"https:\/\/kocen-agro.hr\/cms\/trgovina\/refraktometar-za-vino-sa-tri-skale\/#breadcrumb","itemListElement":[{"@type":"ListItem","position":1,"name":"Po\u010detna stranica","item":"https:\/\/kocen-agro.hr\/cms\/"},{"@type":"ListItem","position":2,"name":"Trgovina","item":"https:\/\/kocen-agro.hr\/cms\/"},{"@type":"ListItem","position":3,"name":"Refraktometar za vino sa tri skale"}]}]}},"_links":{"self":[{"href":"https:\/\/kocen-agro.hr\/cms\/wp-json\/wp\/v2\/product\/61"}],"collection":[{"href":"https:\/\/kocen-agro.hr\/cms\/wp-json\/wp\/v2\/product"}],"about":[{"href":"https:\/\/kocen-agro.hr\/cms\/wp-json\/wp\/v2\/types\/product"}],"wp:featuredmedia":[{"embeddable":true,"href":"https:\/\/kocen-agro.hr\/cms\/wp-json\/wp\/v2\/media\/62"}],"wp:attachment":[{"href":"https:\/\/kocen-agro.hr\/cms\/wp-json\/wp\/v2\/media?parent=61"}],"curies":[{"name":"wp","href":"https:\/\/api.w.org\/{rel}","templated":true}]}}