{"id":1179,"date":"2022-09-15T16:48:03","date_gmt":"2022-09-15T14:48:03","guid":{"rendered":"https:\/\/kocen-agro.hr\/cms\/?post_type=product&#038;p=1179"},"modified":"2022-09-15T16:57:02","modified_gmt":"2022-09-15T14:57:02","slug":"cep-pluto-diam-1","status":"publish","type":"product","link":"https:\/\/kocen-agro.hr\/cms\/trgovina\/cep-pluto-diam-1\/","title":{"rendered":"\u010cep pluto DIAM"},"content":{"rendered":"<p>Distributeri smo pluto \u010depa DIAM<\/p>\n<p>upit vezan uz DIAM \u010depove \u0161aljite na email : kocen@kocen-agro.hr<\/p>\n<p>Isklju\u010deni su problemi s TCA, pra\u0161inom i mrvljenjem \u010depa<br \/>\nNema curenja i propu\u0161tanja sadr\u017eaja boce<br \/>\nVrlo se lako stavljaju i vade iz boce<br \/>\nVelika elasti\u010dnost omogu\u0107ava vodoravni polo\u017eaj i transport boce ve\u0107 30 sekundi nakon \u010depljenja<br \/>\nPotpuno je isti u svakoj va\u0161oj butelji po kvaliteti, obliku i izgledu<br \/>\n\u0160titi va\u0161e vino od nepo\u017eeljnih aroma i okusa<br \/>\nGarancija kvalitete DIAM \u010depova u boci:<br \/>\nD1 3 godine<br \/>\nD3 5 godina<br \/>\nD5 8 godina<\/p>\n","protected":false},"excerpt":{"rendered":"<p>Distributeri smo pluto \u010depa DIAM upit vezan uz DIAM \u010depove \u0161aljite na email : kocen@kocen-agro.hr Isklju\u010deni su problemi s TCA, pra\u0161inom i mrvljenjem \u010depa Nema curenja i propu\u0161tanja sadr\u017eaja boce Vrlo se lako stavljaju i vade iz boce Velika elasti\u010dnost omogu\u0107ava vodoravni polo\u017eaj i transport boce ve\u0107 30 sekundi nakon \u010depljenja Potpuno je isti u svakoj va\u0161oj butelji po kvaliteti, obliku i izgledu \u0160titi va\u0161e vino od nepo\u017eeljnih aroma i okusa Garancija kvalitete DIAM \u010depova u boci: D1 3 godine D3 5 godina D5 8 godina<\/p>\n","protected":false},"featured_media":1180,"template":"","meta":[],"yoast_head":"<!-- This site is optimized with the Yoast SEO plugin v19.4 - https:\/\/yoast.com\/wordpress\/plugins\/seo\/ -->\n<title>\u010cep pluto DIAM - Kocen Agro d.o.o.<\/title>\n<meta name=\"robots\" content=\"index, follow, max-snippet:-1, max-image-preview:large, max-video-preview:-1\" \/>\n<link rel=\"canonical\" href=\"https:\/\/kocen-agro.hr\/cms\/trgovina\/cep-pluto-diam-1\/\" \/>\n<meta property=\"og:locale\" content=\"hr_HR\" \/>\n<meta property=\"og:type\" content=\"article\" \/>\n<meta property=\"og:title\" content=\"\u010cep pluto DIAM - Kocen Agro d.o.o.\" \/>\n<meta property=\"og:description\" content=\"Distributeri smo pluto \u010depa DIAM upit vezan uz DIAM \u010depove \u0161aljite na email : kocen@kocen-agro.hr Isklju\u010deni su problemi s TCA, pra\u0161inom i mrvljenjem \u010depa Nema curenja i propu\u0161tanja sadr\u017eaja boce Vrlo se lako stavljaju i vade iz boce Velika elasti\u010dnost omogu\u0107ava vodoravni polo\u017eaj i transport boce ve\u0107 30 sekundi nakon \u010depljenja Potpuno je isti u svakoj va\u0161oj butelji po kvaliteti, obliku i izgledu \u0160titi va\u0161e vino od nepo\u017eeljnih aroma i okusa Garancija kvalitete DIAM \u010depova u boci: D1 3 godine D3 5 godina D5 8 godina\" \/>\n<meta property=\"og:url\" content=\"https:\/\/kocen-agro.hr\/cms\/trgovina\/cep-pluto-diam-1\/\" \/>\n<meta property=\"og:site_name\" content=\"Kocen Agro d.o.o.\" \/>\n<meta property=\"article:modified_time\" content=\"2022-09-15T14:57:02+00:00\" \/>\n<meta property=\"og:image\" content=\"https:\/\/kocen-agro.hr\/cms\/wp-content\/uploads\/2022\/09\/Cep-Diam.png\" \/>\n\t<meta property=\"og:image:width\" content=\"797\" \/>\n\t<meta property=\"og:image:height\" content=\"328\" \/>\n\t<meta property=\"og:image:type\" content=\"image\/png\" \/>\n<meta name=\"twitter:card\" content=\"summary_large_image\" \/>\n<meta name=\"twitter:label1\" content=\"Procijenjeno vrijeme \u010ditanja\" \/>\n\t<meta name=\"twitter:data1\" content=\"1 minuta\" \/>\n<script type=\"application\/ld+json\" class=\"yoast-schema-graph\">{\"@context\":\"https:\/\/schema.org\",\"@graph\":[{\"@type\":\"Organization\",\"@id\":\"https:\/\/kocen-agro.hr\/cms\/#organization\",\"name\":\"Kocen Agro d.o.o.\",\"url\":\"https:\/\/kocen-agro.hr\/cms\/\",\"sameAs\":[],\"logo\":{\"@type\":\"ImageObject\",\"inLanguage\":\"hr\",\"@id\":\"https:\/\/kocen-agro.hr\/cms\/#\/schema\/logo\/image\/\",\"url\":\"https:\/\/kocen-agro.hr\/cms\/wp-content\/uploads\/2019\/04\/logo_kocen_agro.png\",\"contentUrl\":\"https:\/\/kocen-agro.hr\/cms\/wp-content\/uploads\/2019\/04\/logo_kocen_agro.png\",\"width\":242,\"height\":79,\"caption\":\"Kocen Agro d.o.o.\"},\"image\":{\"@id\":\"https:\/\/kocen-agro.hr\/cms\/#\/schema\/logo\/image\/\"}},{\"@type\":\"WebSite\",\"@id\":\"https:\/\/kocen-agro.hr\/cms\/#website\",\"url\":\"https:\/\/kocen-agro.hr\/cms\/\",\"name\":\"Kocen Agro d.o.o.\",\"description\":\"\",\"publisher\":{\"@id\":\"https:\/\/kocen-agro.hr\/cms\/#organization\"},\"potentialAction\":[{\"@type\":\"SearchAction\",\"target\":{\"@type\":\"EntryPoint\",\"urlTemplate\":\"https:\/\/kocen-agro.hr\/cms\/?s={search_term_string}\"},\"query-input\":\"required name=search_term_string\"}],\"inLanguage\":\"hr\"},{\"@type\":\"WebPage\",\"@id\":\"https:\/\/kocen-agro.hr\/cms\/trgovina\/cep-pluto-diam-1\/\",\"url\":\"https:\/\/kocen-agro.hr\/cms\/trgovina\/cep-pluto-diam-1\/\",\"name\":\"\u010cep pluto DIAM - Kocen Agro d.o.o.\",\"isPartOf\":{\"@id\":\"https:\/\/kocen-agro.hr\/cms\/#website\"},\"datePublished\":\"2022-09-15T14:48:03+00:00\",\"dateModified\":\"2022-09-15T14:57:02+00:00\",\"breadcrumb\":{\"@id\":\"https:\/\/kocen-agro.hr\/cms\/trgovina\/cep-pluto-diam-1\/#breadcrumb\"},\"inLanguage\":\"hr\",\"potentialAction\":[{\"@type\":\"ReadAction\",\"target\":[\"https:\/\/kocen-agro.hr\/cms\/trgovina\/cep-pluto-diam-1\/\"]}]},{\"@type\":\"BreadcrumbList\",\"@id\":\"https:\/\/kocen-agro.hr\/cms\/trgovina\/cep-pluto-diam-1\/#breadcrumb\",\"itemListElement\":[{\"@type\":\"ListItem\",\"position\":1,\"name\":\"Po\u010detna stranica\",\"item\":\"https:\/\/kocen-agro.hr\/cms\/\"},{\"@type\":\"ListItem\",\"position\":2,\"name\":\"Trgovina\",\"item\":\"https:\/\/kocen-agro.hr\/cms\/\"},{\"@type\":\"ListItem\",\"position\":3,\"name\":\"\u010cep pluto DIAM\"}]}]}<\/script>\n<!-- \/ Yoast SEO plugin. -->","yoast_head_json":{"title":"\u010cep pluto DIAM - Kocen Agro d.o.o.","robots":{"index":"index","follow":"follow","max-snippet":"max-snippet:-1","max-image-preview":"max-image-preview:large","max-video-preview":"max-video-preview:-1"},"canonical":"https:\/\/kocen-agro.hr\/cms\/trgovina\/cep-pluto-diam-1\/","og_locale":"hr_HR","og_type":"article","og_title":"\u010cep pluto DIAM - Kocen Agro d.o.o.","og_description":"Distributeri smo pluto \u010depa DIAM upit vezan uz DIAM \u010depove \u0161aljite na email : kocen@kocen-agro.hr Isklju\u010deni su problemi s TCA, pra\u0161inom i mrvljenjem \u010depa Nema curenja i propu\u0161tanja sadr\u017eaja boce Vrlo se lako stavljaju i vade iz boce Velika elasti\u010dnost omogu\u0107ava vodoravni polo\u017eaj i transport boce ve\u0107 30 sekundi nakon \u010depljenja Potpuno je isti u svakoj va\u0161oj butelji po kvaliteti, obliku i izgledu \u0160titi va\u0161e vino od nepo\u017eeljnih aroma i okusa Garancija kvalitete DIAM \u010depova u boci: D1 3 godine D3 5 godina D5 8 godina","og_url":"https:\/\/kocen-agro.hr\/cms\/trgovina\/cep-pluto-diam-1\/","og_site_name":"Kocen Agro d.o.o.","article_modified_time":"2022-09-15T14:57:02+00:00","og_image":[{"width":797,"height":328,"url":"https:\/\/kocen-agro.hr\/cms\/wp-content\/uploads\/2022\/09\/Cep-Diam.png","type":"image\/png"}],"twitter_card":"summary_large_image","twitter_misc":{"Procijenjeno vrijeme \u010ditanja":"1 minuta"},"schema":{"@context":"https:\/\/schema.org","@graph":[{"@type":"Organization","@id":"https:\/\/kocen-agro.hr\/cms\/#organization","name":"Kocen Agro d.o.o.","url":"https:\/\/kocen-agro.hr\/cms\/","sameAs":[],"logo":{"@type":"ImageObject","inLanguage":"hr","@id":"https:\/\/kocen-agro.hr\/cms\/#\/schema\/logo\/image\/","url":"https:\/\/kocen-agro.hr\/cms\/wp-content\/uploads\/2019\/04\/logo_kocen_agro.png","contentUrl":"https:\/\/kocen-agro.hr\/cms\/wp-content\/uploads\/2019\/04\/logo_kocen_agro.png","width":242,"height":79,"caption":"Kocen Agro d.o.o."},"image":{"@id":"https:\/\/kocen-agro.hr\/cms\/#\/schema\/logo\/image\/"}},{"@type":"WebSite","@id":"https:\/\/kocen-agro.hr\/cms\/#website","url":"https:\/\/kocen-agro.hr\/cms\/","name":"Kocen Agro d.o.o.","description":"","publisher":{"@id":"https:\/\/kocen-agro.hr\/cms\/#organization"},"potentialAction":[{"@type":"SearchAction","target":{"@type":"EntryPoint","urlTemplate":"https:\/\/kocen-agro.hr\/cms\/?s={search_term_string}"},"query-input":"required name=search_term_string"}],"inLanguage":"hr"},{"@type":"WebPage","@id":"https:\/\/kocen-agro.hr\/cms\/trgovina\/cep-pluto-diam-1\/","url":"https:\/\/kocen-agro.hr\/cms\/trgovina\/cep-pluto-diam-1\/","name":"\u010cep pluto DIAM - Kocen Agro d.o.o.","isPartOf":{"@id":"https:\/\/kocen-agro.hr\/cms\/#website"},"datePublished":"2022-09-15T14:48:03+00:00","dateModified":"2022-09-15T14:57:02+00:00","breadcrumb":{"@id":"https:\/\/kocen-agro.hr\/cms\/trgovina\/cep-pluto-diam-1\/#breadcrumb"},"inLanguage":"hr","potentialAction":[{"@type":"ReadAction","target":["https:\/\/kocen-agro.hr\/cms\/trgovina\/cep-pluto-diam-1\/"]}]},{"@type":"BreadcrumbList","@id":"https:\/\/kocen-agro.hr\/cms\/trgovina\/cep-pluto-diam-1\/#breadcrumb","itemListElement":[{"@type":"ListItem","position":1,"name":"Po\u010detna stranica","item":"https:\/\/kocen-agro.hr\/cms\/"},{"@type":"ListItem","position":2,"name":"Trgovina","item":"https:\/\/kocen-agro.hr\/cms\/"},{"@type":"ListItem","position":3,"name":"\u010cep pluto DIAM"}]}]}},"_links":{"self":[{"href":"https:\/\/kocen-agro.hr\/cms\/wp-json\/wp\/v2\/product\/1179"}],"collection":[{"href":"https:\/\/kocen-agro.hr\/cms\/wp-json\/wp\/v2\/product"}],"about":[{"href":"https:\/\/kocen-agro.hr\/cms\/wp-json\/wp\/v2\/types\/product"}],"wp:featuredmedia":[{"embeddable":true,"href":"https:\/\/kocen-agro.hr\/cms\/wp-json\/wp\/v2\/media\/1180"}],"wp:attachment":[{"href":"https:\/\/kocen-agro.hr\/cms\/wp-json\/wp\/v2\/media?parent=1179"}],"curies":[{"name":"wp","href":"https:\/\/api.w.org\/{rel}","templated":true}]}}