{"id":1169,"date":"2022-09-09T18:32:13","date_gmt":"2022-09-09T16:32:13","guid":{"rendered":"https:\/\/kocen-agro.hr\/cms\/?post_type=product&#038;p=1169"},"modified":"2024-08-18T22:06:35","modified_gmt":"2024-08-18T20:06:35","slug":"1169","status":"publish","type":"product","link":"https:\/\/kocen-agro.hr\/cms\/trgovina\/1169\/","title":{"rendered":"Antiboekser 2% 200 ml"},"content":{"rendered":"","protected":false},"excerpt":{"rendered":"<p>Koli\u010dina:200 ml<br \/>\n2% otopina bakrenog sulfata. Upotrebljava se za smanjivanje i odstranjivanje neprijatnih mirisa sumpornih spojeva u vinu. Doza ovog preparata je 25-50 ml\/100 L, maksimalna doza je 200 ml\/100 L (kod ove doze potrebno je napraviti test na koncentraciju bakra u vinu; ako je ta vrijednost ve\u0107a od 1 mg Cu\/L ili ve\u0107a potrebno je napraviti plavo bistrenje).<br \/>\nPotrebnu koli\u010dinu Antibeksera odre\u0111ujemo probom u malo ili u ovla\u0161tenom laboratoriju. Kada se koli\u010dina odredi, dodaje se u vino u 2 faze: prvu koli\u010dinu (polovicu doze) dodamo u vino, dobro promije\u0161amo i pri\u010dekamo 12-24 sata. Po potrebi, nakon senzorne analize i degustacije, dodamo drugu polovicu doze i opet pri\u010dekamo 12-24 sata.<\/p>\n","protected":false},"featured_media":1170,"template":"","meta":[],"yoast_head":"<!-- This site is optimized with the Yoast SEO plugin v19.4 - https:\/\/yoast.com\/wordpress\/plugins\/seo\/ -->\n<title>Antiboekser 2% 200 ml - Kocen Agro d.o.o.<\/title>\n<meta name=\"robots\" content=\"index, follow, max-snippet:-1, max-image-preview:large, max-video-preview:-1\" \/>\n<link rel=\"canonical\" href=\"https:\/\/kocen-agro.hr\/cms\/trgovina\/1169\/\" \/>\n<meta property=\"og:locale\" content=\"hr_HR\" \/>\n<meta property=\"og:type\" content=\"article\" \/>\n<meta property=\"og:title\" content=\"Antiboekser 2% 200 ml - Kocen Agro d.o.o.\" \/>\n<meta property=\"og:description\" content=\"Koli\u010dina:200 ml 2% otopina bakrenog sulfata. Upotrebljava se za smanjivanje i odstranjivanje neprijatnih mirisa sumpornih spojeva u vinu. Doza ovog preparata je 25-50 ml\/100 L, maksimalna doza je 200 ml\/100 L (kod ove doze potrebno je napraviti test na koncentraciju bakra u vinu; ako je ta vrijednost ve\u0107a od 1 mg Cu\/L ili ve\u0107a potrebno je napraviti plavo bistrenje). Potrebnu koli\u010dinu Antibeksera odre\u0111ujemo probom u malo ili u ovla\u0161tenom laboratoriju. Kada se koli\u010dina odredi, dodaje se u vino u 2 faze: prvu koli\u010dinu (polovicu doze) dodamo u vino, dobro promije\u0161amo i pri\u010dekamo 12-24 sata. Po potrebi, nakon senzorne analize i degustacije, dodamo drugu polovicu doze i opet pri\u010dekamo 12-24 sata.\" \/>\n<meta property=\"og:url\" content=\"https:\/\/kocen-agro.hr\/cms\/trgovina\/1169\/\" \/>\n<meta property=\"og:site_name\" content=\"Kocen Agro d.o.o.\" \/>\n<meta property=\"article:modified_time\" content=\"2024-08-18T20:06:35+00:00\" \/>\n<meta property=\"og:image\" content=\"https:\/\/kocen-agro.hr\/cms\/wp-content\/uploads\/2022\/09\/Antibekser2.png\" \/>\n\t<meta property=\"og:image:width\" content=\"709\" \/>\n\t<meta property=\"og:image:height\" content=\"1315\" \/>\n\t<meta property=\"og:image:type\" content=\"image\/png\" \/>\n<meta name=\"twitter:card\" content=\"summary_large_image\" \/>\n<script type=\"application\/ld+json\" class=\"yoast-schema-graph\">{\"@context\":\"https:\/\/schema.org\",\"@graph\":[{\"@type\":\"Organization\",\"@id\":\"https:\/\/kocen-agro.hr\/cms\/#organization\",\"name\":\"Kocen Agro d.o.o.\",\"url\":\"https:\/\/kocen-agro.hr\/cms\/\",\"sameAs\":[],\"logo\":{\"@type\":\"ImageObject\",\"inLanguage\":\"hr\",\"@id\":\"https:\/\/kocen-agro.hr\/cms\/#\/schema\/logo\/image\/\",\"url\":\"https:\/\/kocen-agro.hr\/cms\/wp-content\/uploads\/2019\/04\/logo_kocen_agro.png\",\"contentUrl\":\"https:\/\/kocen-agro.hr\/cms\/wp-content\/uploads\/2019\/04\/logo_kocen_agro.png\",\"width\":242,\"height\":79,\"caption\":\"Kocen Agro d.o.o.\"},\"image\":{\"@id\":\"https:\/\/kocen-agro.hr\/cms\/#\/schema\/logo\/image\/\"}},{\"@type\":\"WebSite\",\"@id\":\"https:\/\/kocen-agro.hr\/cms\/#website\",\"url\":\"https:\/\/kocen-agro.hr\/cms\/\",\"name\":\"Kocen Agro d.o.o.\",\"description\":\"\",\"publisher\":{\"@id\":\"https:\/\/kocen-agro.hr\/cms\/#organization\"},\"potentialAction\":[{\"@type\":\"SearchAction\",\"target\":{\"@type\":\"EntryPoint\",\"urlTemplate\":\"https:\/\/kocen-agro.hr\/cms\/?s={search_term_string}\"},\"query-input\":\"required name=search_term_string\"}],\"inLanguage\":\"hr\"},{\"@type\":\"WebPage\",\"@id\":\"https:\/\/kocen-agro.hr\/cms\/trgovina\/1169\/\",\"url\":\"https:\/\/kocen-agro.hr\/cms\/trgovina\/1169\/\",\"name\":\"Antiboekser 2% 200 ml - Kocen Agro d.o.o.\",\"isPartOf\":{\"@id\":\"https:\/\/kocen-agro.hr\/cms\/#website\"},\"datePublished\":\"2022-09-09T16:32:13+00:00\",\"dateModified\":\"2024-08-18T20:06:35+00:00\",\"breadcrumb\":{\"@id\":\"https:\/\/kocen-agro.hr\/cms\/trgovina\/1169\/#breadcrumb\"},\"inLanguage\":\"hr\",\"potentialAction\":[{\"@type\":\"ReadAction\",\"target\":[\"https:\/\/kocen-agro.hr\/cms\/trgovina\/1169\/\"]}]},{\"@type\":\"BreadcrumbList\",\"@id\":\"https:\/\/kocen-agro.hr\/cms\/trgovina\/1169\/#breadcrumb\",\"itemListElement\":[{\"@type\":\"ListItem\",\"position\":1,\"name\":\"Po\u010detna stranica\",\"item\":\"https:\/\/kocen-agro.hr\/cms\/\"},{\"@type\":\"ListItem\",\"position\":2,\"name\":\"Trgovina\",\"item\":\"https:\/\/kocen-agro.hr\/cms\/\"},{\"@type\":\"ListItem\",\"position\":3,\"name\":\"Antiboekser 2% 200 ml\"}]}]}<\/script>\n<!-- \/ Yoast SEO plugin. -->","yoast_head_json":{"title":"Antiboekser 2% 200 ml - Kocen Agro d.o.o.","robots":{"index":"index","follow":"follow","max-snippet":"max-snippet:-1","max-image-preview":"max-image-preview:large","max-video-preview":"max-video-preview:-1"},"canonical":"https:\/\/kocen-agro.hr\/cms\/trgovina\/1169\/","og_locale":"hr_HR","og_type":"article","og_title":"Antiboekser 2% 200 ml - Kocen Agro d.o.o.","og_description":"Koli\u010dina:200 ml 2% otopina bakrenog sulfata. Upotrebljava se za smanjivanje i odstranjivanje neprijatnih mirisa sumpornih spojeva u vinu. Doza ovog preparata je 25-50 ml\/100 L, maksimalna doza je 200 ml\/100 L (kod ove doze potrebno je napraviti test na koncentraciju bakra u vinu; ako je ta vrijednost ve\u0107a od 1 mg Cu\/L ili ve\u0107a potrebno je napraviti plavo bistrenje). Potrebnu koli\u010dinu Antibeksera odre\u0111ujemo probom u malo ili u ovla\u0161tenom laboratoriju. Kada se koli\u010dina odredi, dodaje se u vino u 2 faze: prvu koli\u010dinu (polovicu doze) dodamo u vino, dobro promije\u0161amo i pri\u010dekamo 12-24 sata. Po potrebi, nakon senzorne analize i degustacije, dodamo drugu polovicu doze i opet pri\u010dekamo 12-24 sata.","og_url":"https:\/\/kocen-agro.hr\/cms\/trgovina\/1169\/","og_site_name":"Kocen Agro d.o.o.","article_modified_time":"2024-08-18T20:06:35+00:00","og_image":[{"width":709,"height":1315,"url":"https:\/\/kocen-agro.hr\/cms\/wp-content\/uploads\/2022\/09\/Antibekser2.png","type":"image\/png"}],"twitter_card":"summary_large_image","schema":{"@context":"https:\/\/schema.org","@graph":[{"@type":"Organization","@id":"https:\/\/kocen-agro.hr\/cms\/#organization","name":"Kocen Agro d.o.o.","url":"https:\/\/kocen-agro.hr\/cms\/","sameAs":[],"logo":{"@type":"ImageObject","inLanguage":"hr","@id":"https:\/\/kocen-agro.hr\/cms\/#\/schema\/logo\/image\/","url":"https:\/\/kocen-agro.hr\/cms\/wp-content\/uploads\/2019\/04\/logo_kocen_agro.png","contentUrl":"https:\/\/kocen-agro.hr\/cms\/wp-content\/uploads\/2019\/04\/logo_kocen_agro.png","width":242,"height":79,"caption":"Kocen Agro d.o.o."},"image":{"@id":"https:\/\/kocen-agro.hr\/cms\/#\/schema\/logo\/image\/"}},{"@type":"WebSite","@id":"https:\/\/kocen-agro.hr\/cms\/#website","url":"https:\/\/kocen-agro.hr\/cms\/","name":"Kocen Agro d.o.o.","description":"","publisher":{"@id":"https:\/\/kocen-agro.hr\/cms\/#organization"},"potentialAction":[{"@type":"SearchAction","target":{"@type":"EntryPoint","urlTemplate":"https:\/\/kocen-agro.hr\/cms\/?s={search_term_string}"},"query-input":"required name=search_term_string"}],"inLanguage":"hr"},{"@type":"WebPage","@id":"https:\/\/kocen-agro.hr\/cms\/trgovina\/1169\/","url":"https:\/\/kocen-agro.hr\/cms\/trgovina\/1169\/","name":"Antiboekser 2% 200 ml - Kocen Agro d.o.o.","isPartOf":{"@id":"https:\/\/kocen-agro.hr\/cms\/#website"},"datePublished":"2022-09-09T16:32:13+00:00","dateModified":"2024-08-18T20:06:35+00:00","breadcrumb":{"@id":"https:\/\/kocen-agro.hr\/cms\/trgovina\/1169\/#breadcrumb"},"inLanguage":"hr","potentialAction":[{"@type":"ReadAction","target":["https:\/\/kocen-agro.hr\/cms\/trgovina\/1169\/"]}]},{"@type":"BreadcrumbList","@id":"https:\/\/kocen-agro.hr\/cms\/trgovina\/1169\/#breadcrumb","itemListElement":[{"@type":"ListItem","position":1,"name":"Po\u010detna stranica","item":"https:\/\/kocen-agro.hr\/cms\/"},{"@type":"ListItem","position":2,"name":"Trgovina","item":"https:\/\/kocen-agro.hr\/cms\/"},{"@type":"ListItem","position":3,"name":"Antiboekser 2% 200 ml"}]}]}},"_links":{"self":[{"href":"https:\/\/kocen-agro.hr\/cms\/wp-json\/wp\/v2\/product\/1169"}],"collection":[{"href":"https:\/\/kocen-agro.hr\/cms\/wp-json\/wp\/v2\/product"}],"about":[{"href":"https:\/\/kocen-agro.hr\/cms\/wp-json\/wp\/v2\/types\/product"}],"wp:featuredmedia":[{"embeddable":true,"href":"https:\/\/kocen-agro.hr\/cms\/wp-json\/wp\/v2\/media\/1170"}],"wp:attachment":[{"href":"https:\/\/kocen-agro.hr\/cms\/wp-json\/wp\/v2\/media?parent=1169"}],"curies":[{"name":"wp","href":"https:\/\/api.w.org\/{rel}","templated":true}]}}