{"id":186,"date":"2019-04-24T10:22:32","date_gmt":"2019-04-24T08:22:32","guid":{"rendered":"https:\/\/kocen-agro.hr\/cms\/?page_id=186"},"modified":"2019-04-24T10:24:35","modified_gmt":"2019-04-24T08:24:35","slug":"privatnost","status":"publish","type":"page","link":"https:\/\/kocen-agro.hr\/cms\/privatnost\/","title":{"rendered":"Pravila privatnosti"},"content":{"rendered":"<div class=\"row\">\n<p>Kori\u0161tenjem web stranice <strong>www.kocen-agro.hr<\/strong> (u vlasni\u0161tvu tvrtke <strong>Kocen Agro d.o.o.<\/strong>) stupate u zakoniti ugovor sa tvrtkom Kocen Agro d.o.o., po kojemu imate odre\u0111ena prava i obaveze.<\/p>\n<p>Pristupom, upotrebom, pretragom, pregledom ili bilo kojim sli\u010dnim \u010dinom, vi nedvosmisleno potvr\u0111ujete da ste u potpunosti pro\u010ditali, razumjeli i slo\u017eili se da \u0107e vas ova prava obvezivati, te da \u0107ete postupati u skladu s odredbama ovog ugovora (dalje u tekstu: Ugovor) i ovih Uvjeta kori\u0161tenja (dalje u tekstu \u201cUvjeti\u201d), kao i svim zakonskim normativima i srodnim zakonskim i pravnim propisima koji proizlaze iz ovog Ugovora i ovih Uvjeta, po va\u017ee\u0107im zakonima Republike Hrvatske.<\/p>\n<p><strong>Ako se ne sla\u017eete sa bilo kojim dijelom ove stranice, ili bilo kojom odredbom ovog Ugovora i Uvjeta, molimo vas da ne koristite web stranicu www.kocen-agro.hr (dalje u tekstu: web stranica), te bilo koje druge materijale proiza\u0161le iz kori\u0161tenja web stranice (vodi\u010di, analize, \u010dlanci, tekstovi, i sl.). Kocen Agro d.o.o. zadr\u017eava pravo promijeniti sadr\u017eaj ovih Uvjeta u bilo kojem trenutku, te ukinuti pristup ovoj web stranici bez prethodne obavijesti.<\/strong><\/p>\n<p>Na ovoj web stranici je tako\u0111er va\u017eno obratiti pa\u017enju na napomene vezane uz pravo vlasni\u0161tva i autorska prava regulirana Zakonom o autorskom pravu i srodnim pravima (NN 167\/03 i 79\/07).<\/p>\n<p>Svi materijali (tekstovi, fotografije, crte\u017ei, slike, video i audio materijali), za\u0161ti\u0107eni \u017eigovi i logotipovi, te svi drugi sadr\u017eaji na web stranici za\u0161ti\u0107eni su autorskim pravima i srodnim pravima intelektualnog vlasni\u0161tva, prema Zakonu o autorskom pravu i srodnim pravima (NN 167\/03 i 79\/07). Svi ti sadr\u017eaji su isklju\u010divo informativne prirode, a njihovo kori\u0161tenje obuhva\u0107a samo osobne nekomercijalne svrhe, ako nije druga\u010dije nazna\u010deno. Korisnicima ove web stranice nije dopu\u0161teno reproduciranje, kopiranje, distribuiranje, preinaka, preno\u0161enje, objavljivanje ili revidiranje sadr\u017eaja ovih stranica bez pismenog dopu\u0161tenja tvrtke Kocen Agro d.o.o.<\/p>\n<p><strong>Prava kori\u0161tenja \u010dlanaka<\/strong><\/p>\n<p>Svaki \u010dlanak preuzet sa web stranice (bilo da je preuzet ostavljanjem e-mail adrese ili direktnim preuzimanjem ili kopiranjem sa web stranice) smatra se za\u0161ti\u0107enim autorskim djelom tvrtke Kocen Agro d.o.o., te je kao takav za\u0161ti\u0107en Zakonom o autorskom pravu i srodnim pravima (NN 167\/03 i 79\/07). Kori\u0161tenje i ispisivanje tih sadr\u017eaja dopu\u0161teno je isklju\u010divo u svrhu informiranja i osobne, nekomercijalne svrhe korisnika. Korisnicima nije dopu\u0161teno reproduciranje, kopiranje, distribuiranje, preinaka, preno\u0161enje, objavljivanje ili revidiranje sadr\u017eaja \u010dlanaka bez pismenog dopu\u0161tenja tvrtke Kocen Agro d.o.o.<\/p>\n<p>Korisnicima nije dopu\u0161ten bilo koji oblik javnog kori\u0161tenja autorskih djela (javno kori\u0161tenje autorskog djela je \u201csvako kori\u0161tenje autorskog djela koje je pristupa\u010dno javnosti ili kori\u0161tenje u prostoru koji je pristupa\u010dan pripadnicima javnosti, kao i omogu\u0107avanje pripadnicima javnosti pristupa autorskom djelu u vrijeme i na mjestu koje sami odaberu (putem Interneta)\u201d \u2013 Dr\u017eavni zavod za intelektualno vlasni\u0161tvo, www.dziv.hr. Ako \u017eelite koristiti vodi\u010de i \u010dlanke sa web stranice u svrhe koje nisu obuhva\u0107ene Zakonom o autorskim pravima i srodnim pravima, kontaktirajte tvrtku Kocen Agro d.o.o. na e-mail <a href=\"mailto:kocen.agro.doo@gmail.com\">kocen.agro.doo@gmail.com<\/a> te objasnite u detalje potrebu za ovakvom vrstom upotrebe.<\/p>\n<p><strong>Podaci korisnika i njihova sigurnost<\/strong><\/p>\n<p>Na odre\u0111enim mjestima unutar web stranice i u odre\u0111eno vrijeme, Kocen Agro d.o.o. \u0107e prikupljati osobne podatke korisnika. Ti podaci \u0107e se koristiti u svrhu kontakata i evidencije korisnika, te u svrhu statisti\u010dke obrade posje\u0107enosti web stranice. Kocen Agro d.o.o. jam\u010di da podatke koje prikupi na taj na\u010din ne\u0107e prodavati.<\/p>\n<p>Ure\u0111ivanje i brisanje korisni\u010dkih podataka, te uklanjanje e-mail adresa iz mailing listi, mogu\u0107e je na linku ili putem linkova za uklanjanje \/ ure\u0111ivanje podataka koji se nalaze u podno\u017eju svih promotivnih e-mailova tvrtke Kocen Agro d.o.o. Za informacijama o njihovim podacima, korisnici se mogu obratiti putem e-mail adrese: kocen.agro.doo@gmail.com<\/p>\n<p>Slanjem upita, potpisom ugovora ili neposrednim kontaktom, korisnik dobrovoljno stavlja na raspolaganje svoje i podatke i time dozvoljava da se isti koriste u cilju za\u0161tite osobnih interesa u svim poslovima koje ugovara s Kocen Agro d.o.o..<\/p>\n<p>Skupljanje i obrada osobnih podataka korisnika uklju\u010duje i proslje\u0111ivanje istih tre\u0107im osobama i trgova\u010dkim dru\u0161tvima u Republici Hrvatskoj i inozemstvu. Tre\u0107im osobama smatraju se sve fizi\u010dke osobe i trgova\u010dka dru\u0161tva koje su neophodne za realizaciju ugovorenih poslova.<\/p>\n<p><strong>Pohrana podataka se vr\u0161i na neodre\u0111eno vrijeme.<\/strong><\/p>\n<p>Tako\u0111er, Kocen Agro d.o.o. zadr\u017eava pravo na objavu naziva tvrtki kao svojih referenci na web stranici www.kocen-agro.hr.org, osim u slu\u010daju kada je eksplicitno specificirano druk\u010dije ugovorom o suradnji.<\/p>\n<p>Na web stranicama www.kocen-agro.hr u svrhu uvida u statistiku posje\u0107enosti koristi se Google Analytics, koji omogu\u0107ava uvid u posje\u0107enost s izvora kao \u0161to su dru\u0161tvene mre\u017ee, e-mailovi, ogla\u0161iva\u010dke platforme, web tra\u017eilice i drugi online servisi i alati.<\/p>\n<p>Kori\u0161tenje kola\u010di\u0107a (cookies) na web stranici<\/p>\n<p>Kako bi se osigurao ispravan rad web stranice, ponekad na va\u0161e ure\u0111aje pohranjujemo male podatkovne datoteke poznate pod nazivom kola\u010di\u0107i. Isto \u010dini i ve\u0107ina velikih web-mjesta.<\/p>\n<p><strong>\u0160to su kola\u010di\u0107i?<\/strong><\/p>\n<p>Kola\u010di\u0107 je mala tekstna datoteka koja se pohranjuje na ra\u010dunalo ili mobilni ure\u0111aj pri posjetu odre\u0111enom web-mjestu. S pomo\u0107u kola\u010di\u0107a web-mjesto pamti va\u0161e radnje i \u017eeljene postavke (poput prijave, jezika, veli\u010dine fonta i drugih \u017eeljenih postavki koje se odnose na prikaz) tijekom duljeg razdoblja, pa ih nije potrebno ponovno unositi pri svakom povratku na web-mjesto odnosno pri pregledavanju njegovih razli\u010ditih stranica.<\/p>\n<p>Kola\u010di\u0107i (cookies) su podaci poslani sa web stranice i spremljeni na korisnikov internet preglednik, u toku pregledavanja web stranice. Svakim kori\u0161tenjem web stranice, preglednik \u0161alje kola\u010di\u0107e natrag na server, kako bi informirao web stranicu o prethodnim aktivnostima korisnika.<\/p>\n<p>Kola\u010di\u0107i su dizajnirani kao pouzdani mehanizmi za pam\u0107enje informacija (kao \u0161to su npr. proizvodi ko\u0161arice), ili da bilje\u017ee druge korisnikove aktivnosti (klikanje na odre\u0111ene linkove, logiranje, posje\u0107ene stranice i sl..)<\/p>\n<p><strong>Kako se kontroliraju kola\u010di\u0107i?<\/strong><\/p>\n<p>Kola\u010di\u0107e mo\u017eete kontrolirati i\/ili izbrisati prema \u017eelji. Vi\u0161e informacija potra\u017eite na: aboutcookies.org. Mo\u017eete izbrisati sve kola\u010di\u0107e koji su ve\u0107 pohranjeni na ra\u010dunalu, a postavke ve\u0107ine preglednika omogu\u0107uju blokiranje pohrane kola\u010di\u0107a. Ako blokirate kola\u010di\u0107e, mo\u017eda \u0107ete pri svakom posjetu web-mjestu morati ru\u010dno prilago\u0111ivati neke \u017eeljene postavke, a odre\u0111ene usluge i funkcije mo\u017eda ne\u0107e biti dostupne.<\/p>\n<p><strong>Jamstvo kori\u0161tenja web stranice<\/strong><\/p>\n<p>Kocen Agro d.o.o. ne izjavljuje niti jam\u010di, izri\u010dito niti pre\u0161utno, da je sadr\u017eaj web stranice i\/ili povezanih stranica potpun ili a\u017euriran; da \u0107e web stranica i\/ili povezane stranice uvijek biti dostupne i raspolo\u017eive, te da ne\u0107e sadr\u017eavati pogre\u0161ke, viruse, crve i druge ra\u010dunalne programe koji bi mogli prouzro\u010diti \u0161tetu korisnicima, registriranim korisnicima ili tre\u0107im osobama. Svaki korisnik i registrirani korisnik izri\u010dito prihva\u0107a kori\u0161tenje ove web stranice na svoju vlastitu odgovornost. Vi, a ne Kocen Agro d.o.o. snosite sve eventualne tro\u0161kove vezane uz odr\u017eavanje ili popravak ra\u010dunalne opreme.<\/p>\n<p>Bilo kakvo jamstvo dano na ovim stranicama odnosi se isklju\u010divo na usluge koje pru\u017ea Kocen Agro d.o.o. Kocen Agro d.o.o. nagla\u0161ava da sve materijale i sadr\u017eaje na web stranici treba uzeti \u201ctakvima kakvi jesu\u201d, te se Kocen Agro d.o.o. ne smatra odgovornim za eventualne posljedice koje mogu proizi\u0107i iz druga\u010dijeg tuma\u010denja materijala i sadr\u017eaja na web stranici.<\/p>\n<p><strong>SVA PRAVA PRIDR\u017dANA<\/strong><\/p>\n<p><strong>Ovi uvjeti primjenjuju se od 01.05.2018.<\/strong><\/p>\n<\/div>\n","protected":false},"excerpt":{"rendered":"<p>Kori\u0161tenjem web stranice www.kocen-agro.hr (u vlasni\u0161tvu tvrtke Kocen Agro d.o.o.) stupate u zakoniti ugovor sa tvrtkom Kocen Agro d.o.o., po kojemu imate odre\u0111ena prava i obaveze. Pristupom, upotrebom, pretragom, pregledom ili bilo kojim sli\u010dnim \u010dinom, vi nedvosmisleno potvr\u0111ujete da ste u potpunosti pro\u010ditali, razumjeli i slo\u017eili se da \u0107e vas ova prava obvezivati, te da \u0107ete postupati u skladu s odredbama ovog ugovora (dalje u tekstu: Ugovor) i ovih Uvjeta kori\u0161tenja (dalje u tekstu \u201cUvjeti\u201d), kao i svim zakonskim normativima i srodnim zakonskim i pravnim propisima koji proizlaze iz ovog Ugovora i ovih Uvjeta, po va\u017ee\u0107im zakonima Republike Hrvatske. Ako se ne sla\u017eete sa bilo kojim dijelom ove stranice, ili&hellip; <a class=\"read-more\" href=\"https:\/\/kocen-agro.hr\/cms\/privatnost\/\">Read More<\/a><\/p>\n","protected":false},"author":1,"featured_media":0,"parent":0,"menu_order":0,"comment_status":"closed","ping_status":"closed","template":"","meta":[],"yoast_head":"<!-- This site is optimized with the Yoast SEO plugin v19.4 - https:\/\/yoast.com\/wordpress\/plugins\/seo\/ -->\n<title>Pravila privatnosti - Kocen Agro d.o.o.<\/title>\n<meta name=\"robots\" content=\"index, follow, max-snippet:-1, max-image-preview:large, max-video-preview:-1\" \/>\n<link rel=\"canonical\" href=\"https:\/\/kocen-agro.hr\/cms\/privatnost\/\" \/>\n<meta property=\"og:locale\" content=\"hr_HR\" \/>\n<meta property=\"og:type\" content=\"article\" \/>\n<meta property=\"og:title\" content=\"Pravila privatnosti - Kocen Agro d.o.o.\" \/>\n<meta property=\"og:description\" content=\"Kori\u0161tenjem web stranice www.kocen-agro.hr (u vlasni\u0161tvu tvrtke Kocen Agro d.o.o.) stupate u zakoniti ugovor sa tvrtkom Kocen Agro d.o.o., po kojemu imate odre\u0111ena prava i obaveze. Pristupom, upotrebom, pretragom, pregledom ili bilo kojim sli\u010dnim \u010dinom, vi nedvosmisleno potvr\u0111ujete da ste u potpunosti pro\u010ditali, razumjeli i slo\u017eili se da \u0107e vas ova prava obvezivati, te da \u0107ete postupati u skladu s odredbama ovog ugovora (dalje u tekstu: Ugovor) i ovih Uvjeta kori\u0161tenja (dalje u tekstu \u201cUvjeti\u201d), kao i svim zakonskim normativima i srodnim zakonskim i pravnim propisima koji proizlaze iz ovog Ugovora i ovih Uvjeta, po va\u017ee\u0107im zakonima Republike Hrvatske. Ako se ne sla\u017eete sa bilo kojim dijelom ove stranice, ili&hellip; Read More\" \/>\n<meta property=\"og:url\" content=\"https:\/\/kocen-agro.hr\/cms\/privatnost\/\" \/>\n<meta property=\"og:site_name\" content=\"Kocen Agro d.o.o.\" \/>\n<meta property=\"article:modified_time\" content=\"2019-04-24T08:24:35+00:00\" \/>\n<meta name=\"twitter:card\" content=\"summary_large_image\" \/>\n<meta name=\"twitter:label1\" content=\"Procijenjeno vrijeme \u010ditanja\" \/>\n\t<meta name=\"twitter:data1\" content=\"7 minuta\" \/>\n<script type=\"application\/ld+json\" class=\"yoast-schema-graph\">{\"@context\":\"https:\/\/schema.org\",\"@graph\":[{\"@type\":\"Organization\",\"@id\":\"https:\/\/kocen-agro.hr\/cms\/#organization\",\"name\":\"Kocen Agro d.o.o.\",\"url\":\"https:\/\/kocen-agro.hr\/cms\/\",\"sameAs\":[],\"logo\":{\"@type\":\"ImageObject\",\"inLanguage\":\"hr\",\"@id\":\"https:\/\/kocen-agro.hr\/cms\/#\/schema\/logo\/image\/\",\"url\":\"https:\/\/kocen-agro.hr\/cms\/wp-content\/uploads\/2019\/04\/logo_kocen_agro.png\",\"contentUrl\":\"https:\/\/kocen-agro.hr\/cms\/wp-content\/uploads\/2019\/04\/logo_kocen_agro.png\",\"width\":242,\"height\":79,\"caption\":\"Kocen Agro d.o.o.\"},\"image\":{\"@id\":\"https:\/\/kocen-agro.hr\/cms\/#\/schema\/logo\/image\/\"}},{\"@type\":\"WebSite\",\"@id\":\"https:\/\/kocen-agro.hr\/cms\/#website\",\"url\":\"https:\/\/kocen-agro.hr\/cms\/\",\"name\":\"Kocen Agro d.o.o.\",\"description\":\"\",\"publisher\":{\"@id\":\"https:\/\/kocen-agro.hr\/cms\/#organization\"},\"potentialAction\":[{\"@type\":\"SearchAction\",\"target\":{\"@type\":\"EntryPoint\",\"urlTemplate\":\"https:\/\/kocen-agro.hr\/cms\/?s={search_term_string}\"},\"query-input\":\"required name=search_term_string\"}],\"inLanguage\":\"hr\"},{\"@type\":\"WebPage\",\"@id\":\"https:\/\/kocen-agro.hr\/cms\/privatnost\/\",\"url\":\"https:\/\/kocen-agro.hr\/cms\/privatnost\/\",\"name\":\"Pravila privatnosti - Kocen Agro d.o.o.\",\"isPartOf\":{\"@id\":\"https:\/\/kocen-agro.hr\/cms\/#website\"},\"datePublished\":\"2019-04-24T08:22:32+00:00\",\"dateModified\":\"2019-04-24T08:24:35+00:00\",\"breadcrumb\":{\"@id\":\"https:\/\/kocen-agro.hr\/cms\/privatnost\/#breadcrumb\"},\"inLanguage\":\"hr\",\"potentialAction\":[{\"@type\":\"ReadAction\",\"target\":[\"https:\/\/kocen-agro.hr\/cms\/privatnost\/\"]}]},{\"@type\":\"BreadcrumbList\",\"@id\":\"https:\/\/kocen-agro.hr\/cms\/privatnost\/#breadcrumb\",\"itemListElement\":[{\"@type\":\"ListItem\",\"position\":1,\"name\":\"Po\u010detna stranica\",\"item\":\"https:\/\/kocen-agro.hr\/cms\/\"},{\"@type\":\"ListItem\",\"position\":2,\"name\":\"Pravila privatnosti\"}]}]}<\/script>\n<!-- \/ Yoast SEO plugin. -->","yoast_head_json":{"title":"Pravila privatnosti - Kocen Agro d.o.o.","robots":{"index":"index","follow":"follow","max-snippet":"max-snippet:-1","max-image-preview":"max-image-preview:large","max-video-preview":"max-video-preview:-1"},"canonical":"https:\/\/kocen-agro.hr\/cms\/privatnost\/","og_locale":"hr_HR","og_type":"article","og_title":"Pravila privatnosti - Kocen Agro d.o.o.","og_description":"Kori\u0161tenjem web stranice www.kocen-agro.hr (u vlasni\u0161tvu tvrtke Kocen Agro d.o.o.) stupate u zakoniti ugovor sa tvrtkom Kocen Agro d.o.o., po kojemu imate odre\u0111ena prava i obaveze. Pristupom, upotrebom, pretragom, pregledom ili bilo kojim sli\u010dnim \u010dinom, vi nedvosmisleno potvr\u0111ujete da ste u potpunosti pro\u010ditali, razumjeli i slo\u017eili se da \u0107e vas ova prava obvezivati, te da \u0107ete postupati u skladu s odredbama ovog ugovora (dalje u tekstu: Ugovor) i ovih Uvjeta kori\u0161tenja (dalje u tekstu \u201cUvjeti\u201d), kao i svim zakonskim normativima i srodnim zakonskim i pravnim propisima koji proizlaze iz ovog Ugovora i ovih Uvjeta, po va\u017ee\u0107im zakonima Republike Hrvatske. Ako se ne sla\u017eete sa bilo kojim dijelom ove stranice, ili&hellip; Read More","og_url":"https:\/\/kocen-agro.hr\/cms\/privatnost\/","og_site_name":"Kocen Agro d.o.o.","article_modified_time":"2019-04-24T08:24:35+00:00","twitter_card":"summary_large_image","twitter_misc":{"Procijenjeno vrijeme \u010ditanja":"7 minuta"},"schema":{"@context":"https:\/\/schema.org","@graph":[{"@type":"Organization","@id":"https:\/\/kocen-agro.hr\/cms\/#organization","name":"Kocen Agro d.o.o.","url":"https:\/\/kocen-agro.hr\/cms\/","sameAs":[],"logo":{"@type":"ImageObject","inLanguage":"hr","@id":"https:\/\/kocen-agro.hr\/cms\/#\/schema\/logo\/image\/","url":"https:\/\/kocen-agro.hr\/cms\/wp-content\/uploads\/2019\/04\/logo_kocen_agro.png","contentUrl":"https:\/\/kocen-agro.hr\/cms\/wp-content\/uploads\/2019\/04\/logo_kocen_agro.png","width":242,"height":79,"caption":"Kocen Agro d.o.o."},"image":{"@id":"https:\/\/kocen-agro.hr\/cms\/#\/schema\/logo\/image\/"}},{"@type":"WebSite","@id":"https:\/\/kocen-agro.hr\/cms\/#website","url":"https:\/\/kocen-agro.hr\/cms\/","name":"Kocen Agro d.o.o.","description":"","publisher":{"@id":"https:\/\/kocen-agro.hr\/cms\/#organization"},"potentialAction":[{"@type":"SearchAction","target":{"@type":"EntryPoint","urlTemplate":"https:\/\/kocen-agro.hr\/cms\/?s={search_term_string}"},"query-input":"required name=search_term_string"}],"inLanguage":"hr"},{"@type":"WebPage","@id":"https:\/\/kocen-agro.hr\/cms\/privatnost\/","url":"https:\/\/kocen-agro.hr\/cms\/privatnost\/","name":"Pravila privatnosti - Kocen Agro d.o.o.","isPartOf":{"@id":"https:\/\/kocen-agro.hr\/cms\/#website"},"datePublished":"2019-04-24T08:22:32+00:00","dateModified":"2019-04-24T08:24:35+00:00","breadcrumb":{"@id":"https:\/\/kocen-agro.hr\/cms\/privatnost\/#breadcrumb"},"inLanguage":"hr","potentialAction":[{"@type":"ReadAction","target":["https:\/\/kocen-agro.hr\/cms\/privatnost\/"]}]},{"@type":"BreadcrumbList","@id":"https:\/\/kocen-agro.hr\/cms\/privatnost\/#breadcrumb","itemListElement":[{"@type":"ListItem","position":1,"name":"Po\u010detna stranica","item":"https:\/\/kocen-agro.hr\/cms\/"},{"@type":"ListItem","position":2,"name":"Pravila privatnosti"}]}]}},"_links":{"self":[{"href":"https:\/\/kocen-agro.hr\/cms\/wp-json\/wp\/v2\/pages\/186"}],"collection":[{"href":"https:\/\/kocen-agro.hr\/cms\/wp-json\/wp\/v2\/pages"}],"about":[{"href":"https:\/\/kocen-agro.hr\/cms\/wp-json\/wp\/v2\/types\/page"}],"author":[{"embeddable":true,"href":"https:\/\/kocen-agro.hr\/cms\/wp-json\/wp\/v2\/users\/1"}],"replies":[{"embeddable":true,"href":"https:\/\/kocen-agro.hr\/cms\/wp-json\/wp\/v2\/comments?post=186"}],"version-history":[{"count":2,"href":"https:\/\/kocen-agro.hr\/cms\/wp-json\/wp\/v2\/pages\/186\/revisions"}],"predecessor-version":[{"id":189,"href":"https:\/\/kocen-agro.hr\/cms\/wp-json\/wp\/v2\/pages\/186\/revisions\/189"}],"wp:attachment":[{"href":"https:\/\/kocen-agro.hr\/cms\/wp-json\/wp\/v2\/media?parent=186"}],"curies":[{"name":"wp","href":"https:\/\/api.w.org\/{rel}","templated":true}]}}