{"id":116,"date":"2019-04-13T15:27:23","date_gmt":"2019-04-13T13:27:23","guid":{"rendered":"http:\/\/kocen-agro.hr\/?page_id=116"},"modified":"2019-04-13T15:27:23","modified_gmt":"2019-04-13T13:27:23","slug":"reklamacije-i-prigovori","status":"publish","type":"page","link":"https:\/\/kocen-agro.hr\/cms\/reklamacije-i-prigovori\/","title":{"rendered":"Reklamacije i prigovori"},"content":{"rendered":"<p><strong>Kocen Agro d.o.o. web shop<\/strong> djeluje sukladno <strong>Zakonu o za\u0161titi potro\u0161a\u010da<\/strong>, zakonu Republike Hrvatske kojim se \u0161tite osnovna prava potro\u0161a\u010da pri kupnji proizvoda i usluga. U nastavku navodimo dio Zakona koji se odnosi na na\u0161 web shop i za\u0161titu kupaca. &#8216;Prodavatelj&#8217; (u nastavku teksta) je <strong>Kocen Agro d.o.o.<\/strong> web shop, a &#8216;Kupac&#8217; bilo koji posjetitelj koji je u navedenom shopu naru\u010dio i platio proizvod.<\/p>\n<p><strong>Kvaliteta proizvoda<\/strong><\/p>\n<p>Prodavatelj jam\u010di kvalitetu proizvoda koje jam\u010di proizvo\u0111a\u010d proizvoda.<\/p>\n<p><strong>Prigovori kupaca<\/strong><\/p>\n<p>Sukladno \u010dl. 10 Zakona o za\u0161titi potro\u0161a\u010da, Prodavatelj omogu\u0107uje svim Kupcima da svoje prigovore upute putem po\u0161te na adresu Prodavatelja:<strong> Kocen Agro d.o.o., \u0160trigova 79, 40312 \u0160trigova<\/strong>, odnosno putem elektroni\u010dke po\u0161te na adresu Prodavatelja\u00a0<strong>info@kocen-agro.hr <\/strong>, a Prodavatelj \u0107e obavijestiti Kupca o zaprimljenom prigovoru. Na sve primjedbe i prigovore Prodavatelj \u0107e odgovoriti najkasnije u roku od 15 dana od dana zaprimljenog prigovora.<\/p>\n<p>Kako bi Prodavatelj sukladno \u010dlanku 10. stavku 5. Zakona o za\u0161titi potro\u0161a\u010da potvrdio primitak pisanog prigovora, a zatim i na isti odgovorio, Kupac treba navesti to\u010dne podatke za primitak istoga.<\/p>\n<p><strong>Izjava o jamstvu i servisni uvjeti<\/strong><\/p>\n<p>Za sve proizvode za koje Prodavatelj daje jamstvo vrijede jamstveni uvjeti navedeni u jamstvenom listu. Kupac je du\u017ean \u010duvati ra\u010dun i jamstveni list za cijelo vrijeme jamstvenog razdoblja.<\/p>\n<p>Prodavatelj jam\u010di da \u0107e proizvod koji se koristi sukladno prilo\u017eenim uputama i jamstvenom listu, u jamstvenom roku pravilno funkcionirati. U slu\u010daju kvara i drugih mogu\u0107ih nedostataka Prodavatelj se obvezuje da \u0107e izvr\u0161iti popravak ili zamjenu proizvoda u razumnom roku sukladno Zakonu o obveznim odnosima.<\/p>\n<p>Pravo na kori\u0161tenje jamstva ostvaruje se isklju\u010divo uz predo\u010denje ra\u010duna. Kupac je du\u017ean \u010duvati jamstveni list i ra\u010dun. Jamstveni list smatra se punova\u017enim uz predo\u010denje ra\u010duna, bez obzira na to da li je spomenuti jamstveni list ovjeren ili nije ovjeren od strane Prodavatelja. Neispravnost proizvoda nastala kao posljedica nepravilnog kori\u0161tenja i\/ili nepostupanja u skladu s uputama nije osigurana jamstvom. Servisiranje i prodaja zamjenskih dijelova za kupljeni proizvod osigurana je putem ovla\u0161tenih servisera navedenih u jamstvenom listu.<\/p>\n<p><strong>Odgovornost za materijalne nedostatke<\/strong><\/p>\n<p>Prodavatelj odgovara za materijalne nedostatke proizvoda sukladno Zakonu o obveznim odnosima (\u010dlanci 400.-422).<\/p>\n<p>Prodavatelj odgovara za materijalne nedostatke stvari koje je ona imala u trenutku prijelaza rizika na Kupca, bez obzira je li mu to bilo poznato. Prodavatelj odgovara i za one materijalne nedostatke koji se pojave nakon prijelaza rizika na Kupca ako su posljedica uzroka koji je postojao prije toga.<\/p>\n<p>Prodavatelj ne odgovara za neznatan materijalni nedostatak.<\/p>\n<p><strong>Materijalni nedostatak postoji:<\/strong><\/p>\n<ul>\n<li>ako stvar nema potrebna svojstva za svoju redovitu uporabu ili za promet;<\/li>\n<li>ako stvar nema potrebna svojstva za posebnu uporabu za koju je Kupac nabavlja, a koja je bila poznata Prodavatelju ili mu je morala biti poznata;<\/li>\n<li>ako stvar nema svojstva i odlike koje su izrijekom ili pre\u0161utno ugovorene, odnosno propisane;<\/li>\n<li>kad je Prodavatelj predao stvar koja nije jednaka uzorku ili modelu, osim ako su uzorak ili model pokazani samo radi obavijesti, uz uva\u017eavanje \u010dl. 2.2. st. 9 ovih op\u0107ih uvjeta;<\/li>\n<li>ako stvar nema svojstva koja ina\u010de postoje kod drugih stvari iste vrste i koja je Kupac mogao opravdano o\u010dekivati prema naravi stvari, posebno uzimaju\u0107i u obzir javne izjave Prodavatelja, proizvo\u0111a\u010da i njihovih predstavnika o svojstvima stvari (reklame, ozna\u010davanje stvari i dr.);<\/li>\n<li>ako je stvar nepravilno montirana pod uvjetom da je usluga monta\u017ee uklju\u010dena u ispunjenje ugovora o prodaji;<\/li>\n<li>ako je nepravilna monta\u017ea posljedica nedostataka u uputama za monta\u017eu.<\/li>\n<\/ul>\n<p>Ako je Kupac na temelju izjava proizvo\u0111a\u010da ili njegova predstavnika o\u010dekivao postojanje odre\u0111enih svojstava stvari, nedostatak se ne uzima u obzir ako Prodavatelj nije znao niti je morao znati za te izjave, ili su te izjave bile opovrgnute do trenutka sklapanja ugovora ili one nisu utjecale na odluku Kupca da sklopi ugovor.<\/p>\n<p>Prodavatelj ne odgovara za nedostatke ako su u trenutku sklapanja ugovora bili poznati Kupcu ili mu nisu mogli ostati nepoznati. Prodavatelj ne odgovara niti za nedostatke koje je kupac mogao lako opaziti ako je izjavio da stvar nema nikakve nedostatke ili da stvar ima odre\u0111ena svojstva ili odlike.<\/p>\n<p><strong>Za detaljnije informacije obratite nam se na:\u00a0 info@kocen-agro.hr<\/strong><\/p>\n<p>&nbsp;<\/p>\n","protected":false},"excerpt":{"rendered":"<p>Kocen Agro d.o.o. web shop djeluje sukladno Zakonu o za\u0161titi potro\u0161a\u010da, zakonu Republike Hrvatske kojim se \u0161tite osnovna prava potro\u0161a\u010da pri kupnji proizvoda i usluga. U nastavku navodimo dio Zakona koji se odnosi na na\u0161 web shop i za\u0161titu kupaca. &#8216;Prodavatelj&#8217; (u nastavku teksta) je Kocen Agro d.o.o. web shop, a &#8216;Kupac&#8217; bilo koji posjetitelj koji je u navedenom shopu naru\u010dio i platio proizvod. Kvaliteta proizvoda Prodavatelj jam\u010di kvalitetu proizvoda koje jam\u010di proizvo\u0111a\u010d proizvoda. Prigovori kupaca Sukladno \u010dl. 10 Zakona o za\u0161titi potro\u0161a\u010da, Prodavatelj omogu\u0107uje svim Kupcima da svoje prigovore upute putem po\u0161te na adresu Prodavatelja: Kocen Agro d.o.o., \u0160trigova 79, 40312 \u0160trigova, odnosno putem elektroni\u010dke po\u0161te na adresu Prodavatelja\u00a0info@kocen-agro.hr&hellip; <a class=\"read-more\" href=\"https:\/\/kocen-agro.hr\/cms\/reklamacije-i-prigovori\/\">Read More<\/a><\/p>\n","protected":false},"author":1,"featured_media":0,"parent":0,"menu_order":0,"comment_status":"closed","ping_status":"closed","template":"","meta":[],"yoast_head":"<!-- This site is optimized with the Yoast SEO plugin v19.4 - https:\/\/yoast.com\/wordpress\/plugins\/seo\/ -->\n<title>Reklamacije i prigovori - Kocen Agro d.o.o.<\/title>\n<meta name=\"robots\" content=\"index, follow, max-snippet:-1, max-image-preview:large, max-video-preview:-1\" \/>\n<link rel=\"canonical\" href=\"https:\/\/kocen-agro.hr\/cms\/reklamacije-i-prigovori\/\" \/>\n<meta property=\"og:locale\" content=\"hr_HR\" \/>\n<meta property=\"og:type\" content=\"article\" \/>\n<meta property=\"og:title\" content=\"Reklamacije i prigovori - Kocen Agro d.o.o.\" \/>\n<meta property=\"og:description\" content=\"Kocen Agro d.o.o. web shop djeluje sukladno Zakonu o za\u0161titi potro\u0161a\u010da, zakonu Republike Hrvatske kojim se \u0161tite osnovna prava potro\u0161a\u010da pri kupnji proizvoda i usluga. U nastavku navodimo dio Zakona koji se odnosi na na\u0161 web shop i za\u0161titu kupaca. &#8216;Prodavatelj&#8217; (u nastavku teksta) je Kocen Agro d.o.o. web shop, a &#8216;Kupac&#8217; bilo koji posjetitelj koji je u navedenom shopu naru\u010dio i platio proizvod. Kvaliteta proizvoda Prodavatelj jam\u010di kvalitetu proizvoda koje jam\u010di proizvo\u0111a\u010d proizvoda. Prigovori kupaca Sukladno \u010dl. 10 Zakona o za\u0161titi potro\u0161a\u010da, Prodavatelj omogu\u0107uje svim Kupcima da svoje prigovore upute putem po\u0161te na adresu Prodavatelja: Kocen Agro d.o.o., \u0160trigova 79, 40312 \u0160trigova, odnosno putem elektroni\u010dke po\u0161te na adresu Prodavatelja\u00a0info@kocen-agro.hr&hellip; Read More\" \/>\n<meta property=\"og:url\" content=\"https:\/\/kocen-agro.hr\/cms\/reklamacije-i-prigovori\/\" \/>\n<meta property=\"og:site_name\" content=\"Kocen Agro d.o.o.\" \/>\n<meta name=\"twitter:card\" content=\"summary_large_image\" \/>\n<meta name=\"twitter:label1\" content=\"Procijenjeno vrijeme \u010ditanja\" \/>\n\t<meta name=\"twitter:data1\" content=\"4 minute\" \/>\n<script type=\"application\/ld+json\" class=\"yoast-schema-graph\">{\"@context\":\"https:\/\/schema.org\",\"@graph\":[{\"@type\":\"Organization\",\"@id\":\"https:\/\/kocen-agro.hr\/cms\/#organization\",\"name\":\"Kocen Agro d.o.o.\",\"url\":\"https:\/\/kocen-agro.hr\/cms\/\",\"sameAs\":[],\"logo\":{\"@type\":\"ImageObject\",\"inLanguage\":\"hr\",\"@id\":\"https:\/\/kocen-agro.hr\/cms\/#\/schema\/logo\/image\/\",\"url\":\"https:\/\/kocen-agro.hr\/cms\/wp-content\/uploads\/2019\/04\/logo_kocen_agro.png\",\"contentUrl\":\"https:\/\/kocen-agro.hr\/cms\/wp-content\/uploads\/2019\/04\/logo_kocen_agro.png\",\"width\":242,\"height\":79,\"caption\":\"Kocen Agro d.o.o.\"},\"image\":{\"@id\":\"https:\/\/kocen-agro.hr\/cms\/#\/schema\/logo\/image\/\"}},{\"@type\":\"WebSite\",\"@id\":\"https:\/\/kocen-agro.hr\/cms\/#website\",\"url\":\"https:\/\/kocen-agro.hr\/cms\/\",\"name\":\"Kocen Agro d.o.o.\",\"description\":\"\",\"publisher\":{\"@id\":\"https:\/\/kocen-agro.hr\/cms\/#organization\"},\"potentialAction\":[{\"@type\":\"SearchAction\",\"target\":{\"@type\":\"EntryPoint\",\"urlTemplate\":\"https:\/\/kocen-agro.hr\/cms\/?s={search_term_string}\"},\"query-input\":\"required name=search_term_string\"}],\"inLanguage\":\"hr\"},{\"@type\":\"WebPage\",\"@id\":\"https:\/\/kocen-agro.hr\/cms\/reklamacije-i-prigovori\/\",\"url\":\"https:\/\/kocen-agro.hr\/cms\/reklamacije-i-prigovori\/\",\"name\":\"Reklamacije i prigovori - Kocen Agro d.o.o.\",\"isPartOf\":{\"@id\":\"https:\/\/kocen-agro.hr\/cms\/#website\"},\"datePublished\":\"2019-04-13T13:27:23+00:00\",\"dateModified\":\"2019-04-13T13:27:23+00:00\",\"breadcrumb\":{\"@id\":\"https:\/\/kocen-agro.hr\/cms\/reklamacije-i-prigovori\/#breadcrumb\"},\"inLanguage\":\"hr\",\"potentialAction\":[{\"@type\":\"ReadAction\",\"target\":[\"https:\/\/kocen-agro.hr\/cms\/reklamacije-i-prigovori\/\"]}]},{\"@type\":\"BreadcrumbList\",\"@id\":\"https:\/\/kocen-agro.hr\/cms\/reklamacije-i-prigovori\/#breadcrumb\",\"itemListElement\":[{\"@type\":\"ListItem\",\"position\":1,\"name\":\"Po\u010detna stranica\",\"item\":\"https:\/\/kocen-agro.hr\/cms\/\"},{\"@type\":\"ListItem\",\"position\":2,\"name\":\"Reklamacije i prigovori\"}]}]}<\/script>\n<!-- \/ Yoast SEO plugin. -->","yoast_head_json":{"title":"Reklamacije i prigovori - Kocen Agro d.o.o.","robots":{"index":"index","follow":"follow","max-snippet":"max-snippet:-1","max-image-preview":"max-image-preview:large","max-video-preview":"max-video-preview:-1"},"canonical":"https:\/\/kocen-agro.hr\/cms\/reklamacije-i-prigovori\/","og_locale":"hr_HR","og_type":"article","og_title":"Reklamacije i prigovori - Kocen Agro d.o.o.","og_description":"Kocen Agro d.o.o. web shop djeluje sukladno Zakonu o za\u0161titi potro\u0161a\u010da, zakonu Republike Hrvatske kojim se \u0161tite osnovna prava potro\u0161a\u010da pri kupnji proizvoda i usluga. U nastavku navodimo dio Zakona koji se odnosi na na\u0161 web shop i za\u0161titu kupaca. &#8216;Prodavatelj&#8217; (u nastavku teksta) je Kocen Agro d.o.o. web shop, a &#8216;Kupac&#8217; bilo koji posjetitelj koji je u navedenom shopu naru\u010dio i platio proizvod. Kvaliteta proizvoda Prodavatelj jam\u010di kvalitetu proizvoda koje jam\u010di proizvo\u0111a\u010d proizvoda. Prigovori kupaca Sukladno \u010dl. 10 Zakona o za\u0161titi potro\u0161a\u010da, Prodavatelj omogu\u0107uje svim Kupcima da svoje prigovore upute putem po\u0161te na adresu Prodavatelja: Kocen Agro d.o.o., \u0160trigova 79, 40312 \u0160trigova, odnosno putem elektroni\u010dke po\u0161te na adresu Prodavatelja\u00a0info@kocen-agro.hr&hellip; Read More","og_url":"https:\/\/kocen-agro.hr\/cms\/reklamacije-i-prigovori\/","og_site_name":"Kocen Agro d.o.o.","twitter_card":"summary_large_image","twitter_misc":{"Procijenjeno vrijeme \u010ditanja":"4 minute"},"schema":{"@context":"https:\/\/schema.org","@graph":[{"@type":"Organization","@id":"https:\/\/kocen-agro.hr\/cms\/#organization","name":"Kocen Agro d.o.o.","url":"https:\/\/kocen-agro.hr\/cms\/","sameAs":[],"logo":{"@type":"ImageObject","inLanguage":"hr","@id":"https:\/\/kocen-agro.hr\/cms\/#\/schema\/logo\/image\/","url":"https:\/\/kocen-agro.hr\/cms\/wp-content\/uploads\/2019\/04\/logo_kocen_agro.png","contentUrl":"https:\/\/kocen-agro.hr\/cms\/wp-content\/uploads\/2019\/04\/logo_kocen_agro.png","width":242,"height":79,"caption":"Kocen Agro d.o.o."},"image":{"@id":"https:\/\/kocen-agro.hr\/cms\/#\/schema\/logo\/image\/"}},{"@type":"WebSite","@id":"https:\/\/kocen-agro.hr\/cms\/#website","url":"https:\/\/kocen-agro.hr\/cms\/","name":"Kocen Agro d.o.o.","description":"","publisher":{"@id":"https:\/\/kocen-agro.hr\/cms\/#organization"},"potentialAction":[{"@type":"SearchAction","target":{"@type":"EntryPoint","urlTemplate":"https:\/\/kocen-agro.hr\/cms\/?s={search_term_string}"},"query-input":"required name=search_term_string"}],"inLanguage":"hr"},{"@type":"WebPage","@id":"https:\/\/kocen-agro.hr\/cms\/reklamacije-i-prigovori\/","url":"https:\/\/kocen-agro.hr\/cms\/reklamacije-i-prigovori\/","name":"Reklamacije i prigovori - Kocen Agro d.o.o.","isPartOf":{"@id":"https:\/\/kocen-agro.hr\/cms\/#website"},"datePublished":"2019-04-13T13:27:23+00:00","dateModified":"2019-04-13T13:27:23+00:00","breadcrumb":{"@id":"https:\/\/kocen-agro.hr\/cms\/reklamacije-i-prigovori\/#breadcrumb"},"inLanguage":"hr","potentialAction":[{"@type":"ReadAction","target":["https:\/\/kocen-agro.hr\/cms\/reklamacije-i-prigovori\/"]}]},{"@type":"BreadcrumbList","@id":"https:\/\/kocen-agro.hr\/cms\/reklamacije-i-prigovori\/#breadcrumb","itemListElement":[{"@type":"ListItem","position":1,"name":"Po\u010detna stranica","item":"https:\/\/kocen-agro.hr\/cms\/"},{"@type":"ListItem","position":2,"name":"Reklamacije i prigovori"}]}]}},"_links":{"self":[{"href":"https:\/\/kocen-agro.hr\/cms\/wp-json\/wp\/v2\/pages\/116"}],"collection":[{"href":"https:\/\/kocen-agro.hr\/cms\/wp-json\/wp\/v2\/pages"}],"about":[{"href":"https:\/\/kocen-agro.hr\/cms\/wp-json\/wp\/v2\/types\/page"}],"author":[{"embeddable":true,"href":"https:\/\/kocen-agro.hr\/cms\/wp-json\/wp\/v2\/users\/1"}],"replies":[{"embeddable":true,"href":"https:\/\/kocen-agro.hr\/cms\/wp-json\/wp\/v2\/comments?post=116"}],"version-history":[{"count":1,"href":"https:\/\/kocen-agro.hr\/cms\/wp-json\/wp\/v2\/pages\/116\/revisions"}],"predecessor-version":[{"id":117,"href":"https:\/\/kocen-agro.hr\/cms\/wp-json\/wp\/v2\/pages\/116\/revisions\/117"}],"wp:attachment":[{"href":"https:\/\/kocen-agro.hr\/cms\/wp-json\/wp\/v2\/media?parent=116"}],"curies":[{"name":"wp","href":"https:\/\/api.w.org\/{rel}","templated":true}]}}